{"id":2,"date":"2016-05-10T03:48:21","date_gmt":"2016-05-10T03:48:21","guid":{"rendered":"http:\/\/danielschiffer.info\/?page_id=2"},"modified":"2022-09-20T11:01:13","modified_gmt":"2022-09-20T11:01:13","slug":"sample-page","status":"publish","type":"page","link":"http:\/\/danielschiffer.info\/","title":{"rendered":"Psychotherapie f\u00fcr Kinder, Jugendliche und junge Erwachsene"},"content":{"rendered":"<p class=\"lead mb-5\" style=\"text-align: left;\">Seit einigen Jahren bin ich in Koblenz als Kinder- und Jugendlichenpsychothera-peut niedergelassen. Auf dieser Seite finden Sie einige Informationen rund um eine Therapie bei mir. Anfragen k\u00f6nnen Sie telefonisch w\u00e4hrend meiner Sprechzeiten oder per EMail an mich richten.<\/p>\n<p><strong>Neue Adresse: Am W\u00f6llershof 2, 56068 Koblenz (N\u00e4he L\u00f6hr-Center) im 4. Stock in der Psychotherapeutischen Praxis Claudia Dziallas\/Markus Bomm<br \/><\/strong><\/p>\n<p><strong>Neue Telefonnummer: 0261\/13490160<\/strong><\/p>\n<p class=\"lead mb-5\"><strong>Telefonische Sprechstunde Montags bis Donnerstags von 12.00 bis 13.00 Uhr<\/strong> | alternativ per EMail unter ds at danielschiffer.de<\/p>\n\n\n<p><\/p>\n\n\n\n<p><\/p>\n\n\n\n<p><\/p>\n\n\n\n<p><\/p>\n\n\n\n<p><\/p>\n\n\n\n<p><\/p>\n\n\n\n<p>*Bitte senden Sie mir keine Befund- oder Symptomberichte per EMail. EMails dienen lediglich der Terminabsprache, weitere Daten werden erst im pers\u00f6nlichen Gespr\u00e4ch ben\u00f6tigt.<\/p>\n","protected":false},"excerpt":{"rendered":"<p>Seit einigen Jahren bin ich in Koblenz als Kinder- und Jugendlichenpsychothera-peut niedergelassen. Auf dieser Seite finden Sie einige Informationen rund um eine Therapie bei mir. Anfragen k\u00f6nnen Sie telefonisch w\u00e4hrend meiner Sprechzeiten oder per EMail an mich richten. Neue Adresse: Am W\u00f6llershof 2, 56068 Koblenz (N\u00e4he L\u00f6hr-Center) im 4. Stock in der Psychotherapeutischen Praxis Claudia&#8230;<\/p>\n","protected":false},"author":1,"featured_media":0,"parent":0,"menu_order":0,"comment_status":"closed","ping_status":"open","template":"","meta":{"footnotes":""},"class_list":["post-2","page","type-page","status-publish","hentry"],"_links":{"self":[{"href":"http:\/\/danielschiffer.info\/index.php?rest_route=\/wp\/v2\/pages\/2","targetHints":{"allow":["GET"]}}],"collection":[{"href":"http:\/\/danielschiffer.info\/index.php?rest_route=\/wp\/v2\/pages"}],"about":[{"href":"http:\/\/danielschiffer.info\/index.php?rest_route=\/wp\/v2\/types\/page"}],"author":[{"embeddable":true,"href":"http:\/\/danielschiffer.info\/index.php?rest_route=\/wp\/v2\/users\/1"}],"replies":[{"embeddable":true,"href":"http:\/\/danielschiffer.info\/index.php?rest_route=%2Fwp%2Fv2%2Fcomments&post=2"}],"version-history":[{"count":18,"href":"http:\/\/danielschiffer.info\/index.php?rest_route=\/wp\/v2\/pages\/2\/revisions"}],"predecessor-version":[{"id":127,"href":"http:\/\/danielschiffer.info\/index.php?rest_route=\/wp\/v2\/pages\/2\/revisions\/127"}],"wp:attachment":[{"href":"http:\/\/danielschiffer.info\/index.php?rest_route=%2Fwp%2Fv2%2Fmedia&parent=2"}],"curies":[{"name":"wp","href":"https:\/\/api.w.org\/{rel}","templated":true}]}}