{"id":29,"date":"2019-01-13T13:27:11","date_gmt":"2019-01-13T13:27:11","guid":{"rendered":"http:\/\/danielschiffer.info\/?page_id=29"},"modified":"2019-02-14T21:07:07","modified_gmt":"2019-02-14T21:07:07","slug":"rahmenbedingungen","status":"publish","type":"page","link":"http:\/\/danielschiffer.info\/?page_id=29","title":{"rendered":"Rahmenbedingungen"},"content":{"rendered":"\n<p>Ich besitze den Fachkundenachweis in Tiefenpsychologisch fundierter        Psychotherapie und biete in diesem Verfahren sowohl Einzel- als auch        Gruppentherapie an.<br>Die Kosten einer Psychotherapie in diesem Richtlinienverfahren werden von allen Gesetzlichen Krankenkassen, der Beihilfe und den meisten privaten Krankenversicherungen \u00fcbernommen, eine \u00dcberweisung des Hausarztes ist nicht notwendig. Lediglich die Krankenkassenkarte ist zum ersten Termin und anschlie\u00dfend zu jedem Quartalsbeginn mitzubringen.<\/p>\n\n\n\n<p>Vor dem Beginn einer Therapie k\u00f6nnen Sie bzw. ihr Kind Psychotherapeutische Sprechstunden bzw. Probatorische Sitzungen in Anspruch nehmen, in denen festgestellt werden soll, ob eine behandlungsbed\u00fcrftige psychische St\u00f6rung vorliegt und eine Therapie bei mir gew\u00fcnscht ist. F\u00fcr den Therapieantrag ist ein Konsiliarbericht des Haus- oder Kinderarztes notwendig. Dieser stellt fest, dass f\u00fcr die vorliegenden Symptome k\u00f6rperliche Ursachen ausgeschlossen werden k\u00f6nnen.          <\/p>\n\n\n\n<p>Ein Kinder- und Jugendlichenpsychotherapeut darf Patienten im Alter von 0-20 Jahre behandeln, eine vor dem 21. Lebensjahr begonnene Therapie kann jedoch \u00fcber den 21. Geburtstag hinaus fortgesetzt werden.<\/p>\n\n\n\n<p>Weitere Informationen finden Sie auf den Seiten der  Bundespsychotherapeutenkammer:<br><br><a rel=\"noreferrer noopener\" aria-label=\" (\u00f6ffnet in neuem Tab)\" href=\"https:\/\/www.bptk.de\/patienten\/einfuehrung.html\" target=\"_blank\">https:\/\/www.bptk.de\/patienten\/einfuehrung.html<\/a><\/p>\n\n\n\n<div class=\"wp-block-image\"><figure class=\"alignright\"><img loading=\"lazy\" decoding=\"async\" width=\"500\" height=\"300\" src=\"https:\/\/danielschiffer.info\/wp-content\/uploads\/2019\/02\/20190114_1232110.jpg\" alt=\"\" class=\"wp-image-88\" srcset=\"http:\/\/danielschiffer.info\/wp-content\/uploads\/2019\/02\/20190114_1232110.jpg 500w, http:\/\/danielschiffer.info\/wp-content\/uploads\/2019\/02\/20190114_1232110-300x180.jpg 300w\" sizes=\"auto, (max-width: 500px) 100vw, 500px\" \/><\/figure><\/div>\n","protected":false},"excerpt":{"rendered":"<p>Ich besitze den Fachkundenachweis in Tiefenpsychologisch fundierter Psychotherapie und biete in diesem Verfahren sowohl Einzel- als auch Gruppentherapie an.Die Kosten einer Psychotherapie in diesem Richtlinienverfahren werden von allen Gesetzlichen Krankenkassen, der Beihilfe und den meisten privaten Krankenversicherungen \u00fcbernommen, eine \u00dcberweisung des Hausarztes ist nicht notwendig. Lediglich die Krankenkassenkarte ist zum ersten Termin und anschlie\u00dfend zu&#8230;<\/p>\n","protected":false},"author":1,"featured_media":0,"parent":0,"menu_order":2,"comment_status":"closed","ping_status":"closed","template":"","meta":{"footnotes":""},"class_list":["post-29","page","type-page","status-publish","hentry"],"_links":{"self":[{"href":"http:\/\/danielschiffer.info\/index.php?rest_route=\/wp\/v2\/pages\/29","targetHints":{"allow":["GET"]}}],"collection":[{"href":"http:\/\/danielschiffer.info\/index.php?rest_route=\/wp\/v2\/pages"}],"about":[{"href":"http:\/\/danielschiffer.info\/index.php?rest_route=\/wp\/v2\/types\/page"}],"author":[{"embeddable":true,"href":"http:\/\/danielschiffer.info\/index.php?rest_route=\/wp\/v2\/users\/1"}],"replies":[{"embeddable":true,"href":"http:\/\/danielschiffer.info\/index.php?rest_route=%2Fwp%2Fv2%2Fcomments&post=29"}],"version-history":[{"count":10,"href":"http:\/\/danielschiffer.info\/index.php?rest_route=\/wp\/v2\/pages\/29\/revisions"}],"predecessor-version":[{"id":89,"href":"http:\/\/danielschiffer.info\/index.php?rest_route=\/wp\/v2\/pages\/29\/revisions\/89"}],"wp:attachment":[{"href":"http:\/\/danielschiffer.info\/index.php?rest_route=%2Fwp%2Fv2%2Fmedia&parent=29"}],"curies":[{"name":"wp","href":"https:\/\/api.w.org\/{rel}","templated":true}]}}