{"id":26,"date":"2019-01-13T13:20:36","date_gmt":"2019-01-13T13:20:36","guid":{"rendered":"http:\/\/danielschiffer.info\/?page_id=26"},"modified":"2019-01-16T20:49:08","modified_gmt":"2019-01-16T20:49:08","slug":"ueber-mich","status":"publish","type":"page","link":"https:\/\/danielschiffer.info\/?page_id=26","title":{"rendered":"\u00dcber mich"},"content":{"rendered":"\n<ul class=\"wp-block-list\"><li>Geboren 1975<\/li><li>Ausbildung zum Gro\u00df- und Au\u00dfenhandelskaufmann<\/li><li>Studium der Sozialarbeit an der Fachhochschule Koblenz<\/li><li>Studium der P\u00e4dagogik an der Universit\u00e4t Koblenz-Landau<\/li><li>Ausbildung zum Kinder- und Jugendlichenpsychotherapeuten am Institut Rhein-Eifel, Sinzig | Praktische T\u00e4tigkeit in der AHG Klinik Am Waldsee, Rieden und bei J. Kracht-Neideck, Kinder- und Jugendpsychiater, Koblenz<\/li><li>Ausbildung zum Erlebnisp\u00e4dagogen beim BSJ Marburg e.V.<\/li><li>Berufliche T\u00e4tigkeit als leitender Mitarbeiter bei einem f\u00fchrenden         Fahrraddirektversender, in der offenen Jugendarbeit, der station\u00e4ren Jugendhilfe, der beruflichen Rehabilitation und der Erziehungs- und Lebensberatung<br><\/li><\/ul>\n\n\n\n<div class=\"wp-block-image\"><figure class=\"alignright is-resized\"><img loading=\"lazy\" decoding=\"async\" src=\"http:\/\/danielschiffer.info\/wp-content\/uploads\/2019\/01\/120612-01Csw-Schiffer-Daniel-1.jpg\" alt=\"\" class=\"wp-image-35\" width=\"396\" height=\"264\" srcset=\"https:\/\/danielschiffer.info\/wp-content\/uploads\/2019\/01\/120612-01Csw-Schiffer-Daniel-1.jpg 400w, https:\/\/danielschiffer.info\/wp-content\/uploads\/2019\/01\/120612-01Csw-Schiffer-Daniel-1-300x200.jpg 300w\" sizes=\"auto, (max-width: 396px) 100vw, 396px\" \/><\/figure><\/div>\n","protected":false},"excerpt":{"rendered":"<p>Geboren 1975 Ausbildung zum Gro\u00df- und Au\u00dfenhandelskaufmann Studium der Sozialarbeit an der Fachhochschule Koblenz Studium der P\u00e4dagogik an der Universit\u00e4t Koblenz-Landau Ausbildung zum Kinder- und Jugendlichenpsychotherapeuten am Institut Rhein-Eifel, Sinzig | Praktische T\u00e4tigkeit in der AHG Klinik Am Waldsee, Rieden und bei J. Kracht-Neideck, Kinder- und Jugendpsychiater, Koblenz Ausbildung zum Erlebnisp\u00e4dagogen beim BSJ Marburg e.V&#8230;.<\/p>\n","protected":false},"author":1,"featured_media":0,"parent":0,"menu_order":3,"comment_status":"closed","ping_status":"closed","template":"","meta":{"footnotes":""},"class_list":["post-26","page","type-page","status-publish","hentry"],"_links":{"self":[{"href":"https:\/\/danielschiffer.info\/index.php?rest_route=\/wp\/v2\/pages\/26","targetHints":{"allow":["GET"]}}],"collection":[{"href":"https:\/\/danielschiffer.info\/index.php?rest_route=\/wp\/v2\/pages"}],"about":[{"href":"https:\/\/danielschiffer.info\/index.php?rest_route=\/wp\/v2\/types\/page"}],"author":[{"embeddable":true,"href":"https:\/\/danielschiffer.info\/index.php?rest_route=\/wp\/v2\/users\/1"}],"replies":[{"embeddable":true,"href":"https:\/\/danielschiffer.info\/index.php?rest_route=%2Fwp%2Fv2%2Fcomments&post=26"}],"version-history":[{"count":5,"href":"https:\/\/danielschiffer.info\/index.php?rest_route=\/wp\/v2\/pages\/26\/revisions"}],"predecessor-version":[{"id":71,"href":"https:\/\/danielschiffer.info\/index.php?rest_route=\/wp\/v2\/pages\/26\/revisions\/71"}],"wp:attachment":[{"href":"https:\/\/danielschiffer.info\/index.php?rest_route=%2Fwp%2Fv2%2Fmedia&parent=26"}],"curies":[{"name":"wp","href":"https:\/\/api.w.org\/{rel}","templated":true}]}}