{"id":32,"date":"2019-01-13T13:33:09","date_gmt":"2019-01-13T13:33:09","guid":{"rendered":"http:\/\/danielschiffer.info\/?page_id=32"},"modified":"2022-04-06T21:58:41","modified_gmt":"2022-04-06T21:58:41","slug":"datenschutz","status":"publish","type":"page","link":"https:\/\/danielschiffer.info\/?page_id=32","title":{"rendered":"Datenschutz"},"content":{"rendered":"\n<p><strong>Datenschutzerkl\u00e4rung<\/strong><\/p>\n\n\n\n<p><strong>Allgemeiner Hinweis und Pflichtinformationen<\/strong><\/p>\n\n\n\n<p><strong>Benennung der verantwortlichen Stelle<\/strong><\/p>\n\n\n\n<p>Die verantwortliche Stelle f\u00fcr die Datenverarbeitung auf dieser Website ist:<\/p>\n\n\n\n<p>Kinder- und Jugendlichenpsychotherapeut<br>Daniel Schiffer<br>Am W\u00f6llershof 2<br>56068 Koblenz<\/p>\n\n\n\n<p>Die verantwortliche Stelle entscheidet allein oder gemeinsam mit \nanderen \u00fcber die Zwecke und Mittel der Verarbeitung von \npersonenbezogenen Daten (z.B. Namen, Kontaktdaten o. \u00c4.).<\/p>\n\n\n\n<p><strong>Widerruf Ihrer Einwilligung zur Datenverarbeitung<\/strong><\/p>\n\n\n\n<p>Nur mit Ihrer ausdr\u00fccklichen Einwilligung sind einige Vorg\u00e4nge der \nDatenverarbeitung m\u00f6glich. Ein Widerruf Ihrer bereits erteilten \nEinwilligung ist jederzeit m\u00f6glich. F\u00fcr den Widerruf gen\u00fcgt eine \nformlose Mitteilung per E-Mail. Die Rechtm\u00e4\u00dfigkeit der bis zum Widerruf \nerfolgten Datenverarbeitung bleibt vom Widerruf unber\u00fchrt.<\/p>\n\n\n\n<p><strong>Recht auf Beschwerde bei der zust\u00e4ndigen Aufsichtsbeh\u00f6rde<\/strong><\/p>\n\n\n\n<p>Als Betroffener steht Ihnen im Falle eines datenschutzrechtlichen \nVersto\u00dfes ein Beschwerderecht bei der zust\u00e4ndigen Aufsichtsbeh\u00f6rde zu. \nZust\u00e4ndige Aufsichtsbeh\u00f6rde bez\u00fcglich datenschutzrechtlicher Fragen ist \nder Landesdatenschutzbeauftragte des Bundeslandes, in dem sich der Sitz \nunseres Unternehmens befindet. Der folgende Link stellt eine Liste der \nDatenschutzbeauftragten sowie deren Kontaktdaten bereit: <a href=\"https:\/\/www.bfdi.bund.de\/DE\/Infothek\/Anschriften_Links\/anschriften_links-node.html\" target=\"_blank\" rel=\"noreferrer noopener\">https:\/\/www.bfdi.bund.de\/DE\/Infothek\/Anschriften_Links\/anschriften_links-node.html<\/a>.<\/p>\n\n\n\n<p><strong>Recht auf Daten\u00fcbertragbarkeit<\/strong><\/p>\n\n\n\n<p>Ihnen steht das Recht zu, Daten, die wir auf Grundlage Ihrer \nEinwilligung oder in Erf\u00fcllung eines Vertrags automatisiert verarbeiten,\n an sich oder an Dritte aush\u00e4ndigen zu lassen. Die Bereitstellung \nerfolgt in einem maschinenlesbaren Format. Sofern Sie die direkte \n\u00dcbertragung der Daten an einen anderen Verantwortlichen verlangen, \nerfolgt dies nur, soweit es technisch machbar ist.<\/p>\n\n\n\n<p><strong>Recht auf Auskunft, Berichtigung, Sperrung, L\u00f6schung<\/strong><\/p>\n\n\n\n<p>Sie haben jederzeit im Rahmen der geltenden gesetzlichen Bestimmungen\n das Recht auf unentgeltliche Auskunft \u00fcber Ihre gespeicherten \npersonenbezogenen Daten, Herkunft der Daten, deren Empf\u00e4nger und den \nZweck der Datenverarbeitung und ggf. ein Recht auf Berichtigung, \nSperrung oder L\u00f6schung dieser Daten. Diesbez\u00fcglich und auch zu weiteren \nFragen zum Thema personenbezogene Daten k\u00f6nnen Sie sich jederzeit \u00fcber \ndie im Impressum aufgef\u00fchrten Kontaktm\u00f6glichkeiten an uns wenden.<\/p>\n\n\n\n<p><strong>SSL- bzw. TLS-Verschl\u00fcsselung<\/strong><\/p>\n\n\n\n<p>Aus Sicherheitsgr\u00fcnden und zum Schutz der \u00dcbertragung vertraulicher \nInhalte, die Sie an uns als Seitenbetreiber senden, nutzt unsere Website\n eine SSL-bzw. TLS-Verschl\u00fcsselung. Damit sind Daten, die Sie \u00fcber diese\n Website \u00fcbermitteln, f\u00fcr Dritte nicht mitlesbar. Sie erkennen eine \nverschl\u00fcsselte Verbindung an der \u201ehttps:\/\/\u201c Adresszeile Ihres Browsers \nund am Schloss-Symbol in der Browserzeile.<\/p>\n\n\n\n<p><strong>Server-Log-Dateien<\/strong><\/p>\n\n\n\n<p>In Server-Log-Dateien erhebt und speichert der Provider der Website \nautomatisch Informationen, die Ihr Browser automatisch an uns \n\u00fcbermittelt. Dies sind:<\/p>\n\n\n\n<ul class=\"wp-block-list\"><li>Besuchte Seite auf unserer Domain<\/li><li>Datum und Uhrzeit der Serveranfrage<\/li><li>Browsertyp und Browserversion<\/li><li>Verwendetes Betriebssystem<\/li><li>Referrer URL<\/li><li>Hostname des zugreifenden Rechners<\/li><li>IP-Adresse<\/li><\/ul>\n\n\n\n<p>Es findet keine Zusammenf\u00fchrung dieser Daten mit anderen Datenquellen  statt. Grundlage der Datenverarbeitung bildet Art. 6 Abs. 1 lit. b  DSGVO, der die Verarbeitung von Daten zur Erf\u00fcllung eines Vertrags oder  vorvertraglicher Ma\u00dfnahmen gestattet.<\/p>\n\n\n\n<p><strong>EMails<\/strong><\/p>\n\n\n\n<p>Bitte beachten Sie, das \u00fcber EMails keine sichere Daten\u00fcbertragung stattfindet. Wenn Sie per EMail Kontakt mit mir aufnehmen, senden Sie bitte keine Krankheitsberichte, Diagnosen oder sonstigen Symptombeschreibungen. EMails werden nach 6 Monaten oder auf Anfrage gel\u00f6scht.<\/p>\n\n\n\n<p><strong>Cookies<\/strong><\/p>\n\n\n\n<p>Unsere Website verwendet Cookies. Das sind kleine Textdateien, die \nIhr Webbrowser auf Ihrem Endger\u00e4t speichert. Cookies helfen uns dabei, \nunser Angebot nutzerfreundlicher, effektiver und sicherer zu machen. <\/p>\n\n\n\n<p>Einige Cookies sind \u201cSession-Cookies.\u201d Solche Cookies werden nach \nEnde Ihrer Browser-Sitzung von selbst gel\u00f6scht. Hingegen bleiben andere \nCookies auf Ihrem Endger\u00e4t bestehen, bis Sie diese selbst l\u00f6schen. \nSolche Cookies helfen uns, Sie bei R\u00fcckkehr auf\n\tunserer Website wiederzuerkennen.<\/p>\n\n\n\n<p>Mit einem modernen Webbrowser k\u00f6nnen Sie das Setzen von Cookies \n\u00fcberwachen, einschr\u00e4nken oder unterbinden. Viele Webbrowser lassen sich \nso konfigurieren, dass Cookies mit dem Schlie\u00dfen des Programms von \nselbst gel\u00f6scht werden. Die Deaktivierung von Cookies\n\tkann eine eingeschr\u00e4nkte Funktionalit\u00e4t unserer Website zur Folge \nhaben.<\/p>\n\n\n\n<p>Das Setzen von Cookies, die zur Aus\u00fcbung elektronischer \nKommunikationsvorg\u00e4nge oder der Bereitstellung bestimmter, von Ihnen \nerw\u00fcnschter Funktionen (z.B. Warenkorb) notwendig sind, erfolgt auf \nGrundlage von Art. 6 Abs. 1 lit. f DSGVO. Als Betreiber dieser\n\tWebsite haben wir ein berechtigtes Interesse an der Speicherung von \nCookies zur technisch fehlerfreien und reibungslosen Bereitstellung \nunserer Dienste. Sofern die Setzung anderer Cookies (z.B. f\u00fcr \nAnalyse-Funktionen) erfolgt, werden diese in dieser\n\tDatenschutzerkl\u00e4rung separat behandelt.<\/p>\n\n\n\n<p><strong>Google AdWords und Google Conversion-Tracking<\/strong><\/p>\n\n\n\n<p>Unsere Website verwendet Google AdWords. Anbieter ist die Google \nInc., 1600 Amphitheatre Parkway, Mountain View, CA 94043, United States.<\/p>\n\n\n\n<p>AdWords ist ein Online-Werbeprogramm. Im Rahmen des \nOnline-Werbeprogramms arbeiten wir mit Conversion-Tracking. Nach einem \nKlick auf eine von Google geschaltete Anzeige wird ein Cookie f\u00fcr das \nConversion-Tracking gesetzt. Cookies sind kleine Textdateien,\n\tdie Ihr Webbrowser auf Ihrem Endger\u00e4t speichert. Google AdWords Cookies\n verlieren nach 30 Tagen ihre G\u00fcltigkeit und dienen nicht der \npers\u00f6nlichen Identifizierung der Nutzer. Am Cookie k\u00f6nnen Google und wir\n erkennen, dass Sie auf eine Anzeige geklickt\n\thaben und zu unserer Website weitergeleitet wurden.<\/p>\n\n\n\n<p>Jeder Google AdWords-Kunde erh\u00e4lt ein anderes Cookie. Die Cookies \nsind nicht \u00fcber Websites von AdWords-Kunden nachverfolgbar. Mit \nConversion-Cookies werden Conversion-Statistiken f\u00fcr AdWords-Kunden, die\n Conversion-Tracking einsetzen, erstellt. Adwords-Kunden\n\terfahren wie viele Nutzer auf ihre Anzeige geklickt haben und auf \nSeiten mit Conversion-Tracking-Tag weitergeleitet wurden. AdWords-Kunden\n erhalten jedoch keine Informationen, die eine pers\u00f6nliche \nIdentifikation der Nutzer erm\u00f6glichen. Wenn Sie nicht\n\tam Tracking teilnehmen m\u00f6chten, k\u00f6nnen Sie einer Nutzung widersprechen.\n Hier ist das Conversion-Cookie in den Nutzereinstellungen des Browsers \nzu deaktivieren. So findet auch keine Aufnahme in die \nConversion-Tracking Statistiken statt.<\/p>\n\n\n\n<p>Die Speicherung von \u201cConversion-Cookies\u201d erfolgt auf Grundlage von \nArt. 6 Abs. 1 lit. f DSGVO. Wir als Websitebetreiber haben ein \nberechtigtes Interesse an der Analyse des Nutzerverhaltens, um unser \nWebangebot und unsere Werbung zu optimieren.<\/p>\n\n\n\n<p>Einzelheiten zu Google AdWords und Google Conversion-Tracking finden Sie in den Datenschutzbestimmungen von Google: <a href=\"https:\/\/www.google.de\/policies\/privacy\/\">https:\/\/www.google.de\/policies\/privacy\/<\/a>.<\/p>\n\n\n\n<p>Mit einem modernen Webbrowser k\u00f6nnen Sie das Setzen von Cookies \n\u00fcberwachen, einschr\u00e4nken oder unterbinden. Die Deaktivierung von Cookies\n kann eine eingeschr\u00e4nkte Funktionalit\u00e4t unserer Website zur Folge \nhaben.<\/p>\n\n\n\n<p><strong>Google Web Fonts<\/strong><\/p>\n\n\n\n<p>Unsere Website verwendet Web Fonts von Google. Anbieter ist die \nGoogle Inc., 1600 Amphitheatre Parkway, Mountain View, CA 94043, USA.<\/p>\n\n\n\n<p>Durch den Einsatz dieser Web Fonts wird es m\u00f6glich Ihnen die von uns \ngew\u00fcnschte Darstellung unserer Website zu pr\u00e4sentieren, unabh\u00e4ngig davon\n welche Schriften Ihnen lokal zur Verf\u00fcgung stehen. Dies erfolgt \u00fcber \nden Abruf der Google Web Fonts von einem Server von Google in den USA \nund der damit verbundenen Weitergabe Ihre Daten an Google. Dabei handelt\n es sich um Ihre IP-Adresse und welche Seite Sie bei uns besucht haben. \nDer Einsatz von Google Web Fonts erfolgt auf Grundlage von Art. 6 Abs. 1\n lit. f DSGVO. Als Betreiber dieser Website haben wir ein berechtigtes \nInteresse an der optimalen Darstellung und \u00dcbertragung unseres \nWebauftritts.<\/p>\n\n\n\n<p>Das Unternehmen Google ist f\u00fcr das us-europ\u00e4ische \nDatenschutz\u00fcbereinkommen &#8222;Privacy Shield&#8220; zertifiziert. Dieses \nDatenschutz\u00fcbereinkommen soll die Einhaltung des in der EU geltenden \nDatenschutzniveaus gew\u00e4hrleisten.<\/p>\n\n\n\n<p>Einzelheiten \u00fcber Google Web Fonts finden Sie unter: <a href=\"https:\/\/www.google.com\/fonts#AboutPlace:about\">https:\/\/www.google.com\/fonts#AboutPlace:about<\/a> und weitere Informationen in den Datenschutzbestimmungen von Google: <a href=\"https:\/\/policies.google.com\/privacy\/partners?hl=de\">https:\/\/policies.google.com\/privacy\/partners?hl=de<\/a><\/p>\n\n\n\n<p>Quelle: Datenschutz-Konfigurator von <a href=\"http:\/\/www.mein-datenschutzbeauftragter.de\" target=\"_blank\" rel=\"noreferrer noopener\">mein-datenschutzbeauftragter.de<\/a><\/p>\n","protected":false},"excerpt":{"rendered":"<p>Datenschutzerkl\u00e4rung Allgemeiner Hinweis und Pflichtinformationen Benennung der verantwortlichen Stelle Die verantwortliche Stelle f\u00fcr die Datenverarbeitung auf dieser Website ist: Kinder- und JugendlichenpsychotherapeutDaniel SchifferAm W\u00f6llershof 256068 Koblenz Die verantwortliche Stelle entscheidet allein oder gemeinsam mit anderen \u00fcber die Zwecke und Mittel der Verarbeitung von personenbezogenen Daten (z.B. Namen, Kontaktdaten o. \u00c4.). Widerruf Ihrer Einwilligung zur Datenverarbeitung&#8230;<\/p>\n","protected":false},"author":1,"featured_media":0,"parent":0,"menu_order":6,"comment_status":"closed","ping_status":"closed","template":"","meta":{"footnotes":""},"class_list":["post-32","page","type-page","status-publish","hentry"],"_links":{"self":[{"href":"https:\/\/danielschiffer.info\/index.php?rest_route=\/wp\/v2\/pages\/32","targetHints":{"allow":["GET"]}}],"collection":[{"href":"https:\/\/danielschiffer.info\/index.php?rest_route=\/wp\/v2\/pages"}],"about":[{"href":"https:\/\/danielschiffer.info\/index.php?rest_route=\/wp\/v2\/types\/page"}],"author":[{"embeddable":true,"href":"https:\/\/danielschiffer.info\/index.php?rest_route=\/wp\/v2\/users\/1"}],"replies":[{"embeddable":true,"href":"https:\/\/danielschiffer.info\/index.php?rest_route=%2Fwp%2Fv2%2Fcomments&post=32"}],"version-history":[{"count":3,"href":"https:\/\/danielschiffer.info\/index.php?rest_route=\/wp\/v2\/pages\/32\/revisions"}],"predecessor-version":[{"id":125,"href":"https:\/\/danielschiffer.info\/index.php?rest_route=\/wp\/v2\/pages\/32\/revisions\/125"}],"wp:attachment":[{"href":"https:\/\/danielschiffer.info\/index.php?rest_route=%2Fwp%2Fv2%2Fmedia&parent=32"}],"curies":[{"name":"wp","href":"https:\/\/api.w.org\/{rel}","templated":true}]}}